{"id":183,"date":"2020-05-18T15:27:58","date_gmt":"2020-05-18T22:27:58","guid":{"rendered":"http:\/\/www.bescofield.net\/?page_id=183"},"modified":"2020-06-07T12:52:26","modified_gmt":"2020-06-07T19:52:26","slug":"9-the-damage-from-scofields-blog-post","status":"publish","type":"page","link":"https:\/\/www.bescofield.net\/de\/kapitel\/9-the-damage-from-scofields-blog-post\/","title":{"rendered":"9. Der Schaden durch Scofields Blog-Post"},"content":{"rendered":"<p style=\"text-align: center;\"><a href=\"http:\/\/www.bescofield.net\/sections\/8-what-would-be-the-motive-to-kill-carla-shaffer\/\">zur\u00fcck zu Abschnitt 8...<\/a><\/p>\n<h2><\/h2>\n<h2 style=\"text-align: center;\">Der Schaden von Scofields Blog-Post<\/h2>\n<p>So l\u00e4cherlich ihre Anschuldigungen auch waren, Be Scofields Artikel, in dem angedeutet wurde, dass Aaravindha Himadra irgendwie in Carla Shaffers Verwundung und Tod verwickelt war, schadete seinem Ruf.<\/p>\n<p>Obwohl Menschen, die Aaravindha bereits kannten, ihn weiterhin unterst\u00fctzten und an seinen Seminaren teilnahmen, veranlasste der b\u00f6swillige Klatsch, den Scofield fr\u00f6hlich \u00fcber das Internet verbreitete, Fremde dazu, vor der Teilnahme an seinen Versammlungen zur\u00fcckzuschrecken. Und einige Teilnehmer, die begeistert von seinen Lehren waren, wollten nicht mehr mit Sambodha in Verbindung gebracht werden.<\/p>\n<p>Nachdem Scofield ihren Artikel ver\u00f6ffentlicht hatte, wurden Fahrzeuge ins Visier genommen, die Aaravindha und seiner Mitarbeiterin geh\u00f6rten. Bei einigen wurden die Reifen aufgeschlitzt, bei anderen wurden Schrauben in die Reifen gebohrt. Das Paar hat Drohungen erhalten, ihr Haus in Brand zu setzen und Aaravindha sogar zu t\u00f6ten.<\/p>\n<p>Jeder, der in der Rechtsverteidigung oder in den seri\u00f6sen Medien arbeitet, kann Ihnen sagen, dass es sehr schwer ist, sich von einer Beschuldigung zu erholen, egal wie unsinnig sie auch sein mag. Das k\u00f6nnen Sie selbst \u00fcberpr\u00fcfen: Malen Sie ein gro\u00dfes VERGEWALTIGER Schild an Ihre Haust\u00fcr und sehen Sie zu, wie die Leute in Scharen vor Ihnen weglaufen. Selbst wenn sich Ihre Freunde und Nachbarn und Ihre Arbeitgeber sicher sind, dass die Anschuldigung unbegr\u00fcndet ist, wird ein Teil von ihnen nicht mehr zugeben, dass sie Sie kennen, und sie werden sicher nicht wollen, dass ihre Namen mit Ihren in Verbindung gebracht werden. Sie k\u00f6nnten sogar Ihren Job verlieren.<\/p>\n<p>Genauso wie wir jemanden mit einer ansteckenden Krankheit meiden, schreckt jeder davor zur\u00fcck, von einem Skandal infiziert zu werden.<\/p>\n<p>Der Schaden, der selbst durch die sinnlosesten Anschuldigungen angerichtet wird, ist real, und Be Scofield verbreitete ihre gemeinen Anschuldigungen gegen Aaravindha im Internet \u00fcber ihre Websites gurumag.com und bescofield.com, ihre Facebook-Seite und ihre zahlreichen Online-Personas.<\/p>\n<p>Wie bereits erw\u00e4hnt, liebt das Internet Skandale, und Menschen, die Aaravindha nie getroffen (oder auch nur von ihm geh\u00f6rt) hatten, schlossen sich gerne Be Scofield an, um auf einer Vielzahl von Social-Media-Seiten \"Sekte\" zu schreien.<\/p>\n<p>Traurigerweise liegt es in der menschlichen Natur, dass ein bestimmter Prozentsatz der Bev\u00f6lkerung einer Organisation anschlie\u00dft, die andere angreift. Denken Sie an all die antagonistischen Organisationen, die rund um den Globus fortbestehen. Gehen Sie zu Google und geben Sie das Pr\u00e4fix \"anti-\" vor fast jedem Substantiv oder Adjektiv ein, und Sie werden Gruppen finden, die diese \"anti\"-Nachricht abonnieren: Anti-LBGTQ, Anti-Semitisch, Anti-Ausl\u00e4nder, Anti-Schwarze, Anti-Islam, Anti-Katholisch, Anti-Atheistisch usw.<\/p>\n<p>Jeder Hass-Verbreiter, der bereit ist, ins Rampenlicht zu treten, wird immer begeisterte Anh\u00e4nger finden, und wie in diesem Bericht erw\u00e4hnt, genie\u00dft Scofield die \"heroische\" \"Cult-Killer\"-Rolle, die sie f\u00fcr sich selbst entworfen hat. Sie ist immer mehr als bereit, das Rampenlicht auf sich selbst zu richten.<\/p>\n<p>Be Scofields Schriften sind kein Journalismus. Sie sind ignorante, sch\u00e4dliche \u00fcble Verleumdung.<\/p>\n<p>Was w\u00fcrden Sie tun, wenn Be Scofield Sie ins Visier nehmen w\u00fcrde?<\/p>\n<h2 style=\"text-align: center;\">Der Rechtsstreit<\/h2>\n<p>Im April 2019 reichten Aaravindha und Ashayrah (Janis Briedis und Jil Peterson-Briedis) eine Klage gegen Robert J. Scofield, jetzt bekannt als Be Scofield, ein und klagten diese Person wegen Verleumdung an.<\/p>\n<p>Scofield \u00fcbte sofort Vergeltung, indem sie eine Anwaltskanzlei beauftragte, sie zu verteidigen, und nannte die Anklage \"eine unseri\u00f6se Klage\", die \"darauf abziele, Journalisten zu bel\u00e4stigen und einzusch\u00fcchtern\". Sie war stolz darauf, dies auf ihrer Website, gurumag.com, ihrer Facebook-Seite und \u00fcberall sonst, wo es ihr einfiel, zu ver\u00f6ffentlichen. Be Scofield bezeichnete dies als eine SLAPP-Klage (strategic lawsuit against public participation), aber sie war anscheinend schlecht informiert oder hat den Begriff einfach nur aus der Luft gegriffen. Die Anti-SLAPP-Gesetze im Bundesstaat Washington wurden n\u00e4mlich 2015 vom Obersten Gerichtshof des Staates f\u00fcr verfassungswidrig erkl\u00e4rt. Ihre Anw\u00e4lte h\u00e4tten ihr sagen sollen, dass diese Regeln nicht auf sie zutreffen. Scofield schreibt \u00fcber sich selbst, als ob \"The Guru Magazine\" eine unabh\u00e4ngige Entit\u00e4t w\u00e4re, die \u00fcber die Geschichte berichtet, w\u00e4hrend es wie \u00fcblich nur wieder Be Scofield ist, die \u00fcber Be Scofield berichtet:<\/p>\n<p style=\"padding-left: 40px;\"><em>Mehrere Anw\u00e4lte, die vom The Guru Magazine kontaktiert wurden, erkl\u00e4rten, der fragliche Artikel sei nicht verleumderisch...<\/em><\/p>\n<p style=\"padding-left: 40px;\"><em>Scofield sagt jedoch: \"Wie bei jedem anderen Artikel, den ich geschrieben habe, habe ich professionelles Ermessen walten lassen, die Geschichte sorgf\u00e4ltig recherchiert und bei der Befragung von Personen kritisches Urteilsverm\u00f6gen angewandt. Das ist die journalistische Standardmethode\".<\/em><\/p>\n<p>Scofield verwechselt die \"Standardmethode\" von Klatschpublikationen wie <em>National Enquirer<\/em> mit tats\u00e4chlicher journalistischer Ethik. Wie Alexander Vera in seinem Artikel \"Cult-Mania\" feststellte:<\/p>\n<p><em>Hier sind die 7 Ethikkodizes der Society of Professional Journalists, die sie (<\/em>Scofield<em>) in ihrer Berichterstattung eklatant verletzt:<\/em><\/p>\n<ul>\n<li><em>Kontext zur Verf\u00fcgung stellen. Achten Sie besonders darauf, bei der F\u00f6rderung, Vorschau oder Zusammenfassung einer Geschichte nicht zu sehr zu vereinfachen<\/em><\/li>\n<li><em>Quellen klar identifizieren. Die \u00d6ffentlichkeit hat ein Recht auf m\u00f6glichst viele Informationen, um die Zuverl\u00e4ssigkeit und Motivation der Quellen beurteilen zu k\u00f6nnen.<\/em><\/li>\n<li><em>Vermeiden Sie verdeckte oder andere heimliche Methoden der Informationsbeschaffung, es sei denn, traditionelle, offene Methoden bringen keine f\u00fcr die \u00d6ffentlichkeit essenziellen Informationen<\/em><\/li>\n<li><em>den offenen und zivilen Meinungsaustausch zu unterst\u00fctzen, auch wenn ihnen Ansichten, zuwidersprechen.<\/em><\/li>\n<li><em>Vermeiden Sie Stereotypisierung. Journalisten sollten untersuchen, wie ihre Werte und Erfahrungen ihre Berichterstattung pr\u00e4gen<\/em><\/li>\n<li><em>Verzerren Sie niemals absichtlich Fakten oder Zusammenh\u00e4nge, einschlie\u00dflich visueller Informationen. Illustrationen und Re-Enactments deutlich kennzeichnen<\/em><\/li>\n<li><em>Abw\u00e4gen zwischen dem Informationsbedarf der \u00d6ffentlichkeit und m\u00f6glichen Sch\u00e4den oder Unannehmlichkeiten. Die Verfolgung der Nachrichten ist keine Lizenz f\u00fcr Arroganz oder unangemessene Aufdringlichkeit.<\/em><\/li>\n<\/ul>\n<p>Be Scofield verletzt in ihren Blogbeitr\u00e4gen routinem\u00e4\u00dfig und mit Stolz jede einzelne dieser Ethiken. Deshalb ist sie gezwungen, auf ihren eigenen Websites zu ver\u00f6ffentlichen.<\/p>\n<p>Nach Monaten der Frustration und juristischen Rechnungen, w\u00e4hrend derer es klar war, dass Scofield die Klage f\u00fcr ihre eigenen Propagandazwecke benutzte, zogen die Briedises die Klage freiwillig zur\u00fcck. Sie waren zu dem Schluss gekommen, dass es lohnender war, einen Versuch zu unternehmen, die Sache durch eine ordnungsgem\u00e4\u00dfe Untersuchung zu bereinigen, als Geld f\u00fcr eine Klage auszugeben.<\/p>\n<p>Scofield prahlte sofort auf ihrer Website gurumag.com in der dritten Person erneut \u00fcber sich selbst, dass den Briedises und ihren Anw\u00e4lten \"heute eine Niederlage zugef\u00fcgt wurde, als sie gezwungen waren, ihre Verleumdungsklage gegen die prominenteste Sektenreporterin, Be Scofield, fallenzulassen\".<\/p>\n<p>Dies ist eine weitere Unwahrheit von Scofield; niemand \"zwang\" die Briedises, den Fall fallenzulassen, und der Fall war keine \"Niederlage\". Tats\u00e4chlich sprach das Gericht den Briedises eine vorbehaltlose M\u00f6glichkeit zu, die das Recht einschlie\u00dft, den Fall innerhalb eines Jahres erneut zu verfolgen. Diese Art von Klausel kommt nur dann vor, wenn das Gericht der Ansicht ist, dass eine Verleumdungsklage gerechtfertigt ist. Das ist keine Niederlage.<\/p>\n<p>Beachten Sie, dass Scofield nie eine Gelegenheit vers\u00e4umt, f\u00fcr ihren \"Prominenten\" Status zu werben, der anscheinend nur auf ihren eigenen Websites, insbesondere gurumag.com und bescofield.com, sowie auf ihrer Facebook-Seite existiert. Und sie l\u00e4sst keine Gelegenheit aus, ihr Lieblingswort \"Cult\" einzuf\u00fcgen, denn sie wiederholt erneut ihre unbegr\u00fcndeten Andeutungen und sagt, dass sie wegen \"ihrer Untersuchung von Aaravindhas Orcas-Insel-Kult und des verd\u00e4chtigen Todes seiner Sch\u00fclerin\" verklagt wurde.<\/p>\n<p>Sie schrieb auch: \"Nachdem die Klage eingereicht worden war, erregte sie die Aufmerksamkeit der lokalen Medien, wobei sowohl der SanJuan Islander dar\u00fcber berichtete als auch der Island Sounder\". Es ist bezeichnend, dass Scofield sich gezwungen sieht, die Berichterstattung in den winzigen County-Zeitungen zur erw\u00e4hnen, die routinem\u00e4\u00dfig das Sheriff's Log aller Verkehrs\u00fcbertretungen ver\u00f6ffentlichen, ebenso wie Geschichten \u00fcber Stra\u00dfensperren und lokale Literaturwettbewerbe und alles andere, was in der Gegend passiert.<\/p>\n<p>Be Scofield l\u00fcstert nach jeder Berichterstattung, die sie bekommen kann, egal wo, selbst wenn sie sie selbst fabrizieren muss.<\/p>\n<p style=\"text-align: center;\"><a href=\"http:\/\/www.bescofield.net\/sections\/10-be-scofield-continues-to-defame-and-threaten-spiritual-teachers\/\">lesen Sie Abschnitt 10 weiter...<\/a><\/p>","protected":false},"excerpt":{"rendered":"<p>return to section 8&#8230; The Damage from Scofield\u2019s Blog Post As ludicrous as her accusations were, Be Scofield\u2019s article insinuating that Aaravindha Himadra was somehow involved in Carla Shaffer\u2019s wounding and death succeeded in damaging his reputation. Although people who &hellip; <a href=\"https:\/\/www.bescofield.net\/de\/kapitel\/9-the-damage-from-scofields-blog-post\/\">Weiterlesen <span class=\"meta-nav\">&rarr;<\/span><\/a><\/p>","protected":false},"author":1,"featured_media":0,"parent":53,"menu_order":9,"comment_status":"closed","ping_status":"closed","template":"","meta":{"footnotes":""},"class_list":["post-183","page","type-page","status-publish","hentry"],"yoast_head":"<!-- This site is optimized with the Yoast SEO plugin v26.8 - https:\/\/yoast.com\/product\/yoast-seo-wordpress\/ -->\n<title>9. The Damage from Scofield\u2019s Blog Post - Be Scofield&#039;s attack on Aaravindha Himadra<\/title>\n<meta name=\"description\" content=\"As ludicrous as her accusations were, Be Scofield\u2019s article insinuating that Aaravindha Himadra was somehow involved in Carla Shaffer\u2019s wounding and death succeeded in damaging his reputation.\" \/>\n<meta name=\"robots\" content=\"index, follow, max-snippet:-1, max-image-preview:large, max-video-preview:-1\" \/>\n<link rel=\"canonical\" href=\"https:\/\/www.bescofield.net\/de\/sections\/9-the-damage-from-scofields-blog-post\/\" \/>\n<meta property=\"og:locale\" content=\"de_DE\" \/>\n<meta property=\"og:type\" content=\"article\" \/>\n<meta property=\"og:title\" content=\"9. The Damage from Scofield\u2019s Blog Post - Be Scofield&#039;s attack on Aaravindha Himadra\" \/>\n<meta property=\"og:description\" content=\"As ludicrous as her accusations were, Be Scofield\u2019s article insinuating that Aaravindha Himadra was somehow involved in Carla Shaffer\u2019s wounding and death succeeded in damaging his reputation.\" \/>\n<meta property=\"og:url\" content=\"https:\/\/www.bescofield.net\/de\/sections\/9-the-damage-from-scofields-blog-post\/\" \/>\n<meta property=\"og:site_name\" content=\"Be Scofield&#039;s attack on Aaravindha Himadra\" \/>\n<meta property=\"article:publisher\" content=\"https:\/\/www.facebook.com\/bescofieldwriter\/\" \/>\n<meta property=\"article:modified_time\" content=\"2020-06-07T19:52:26+00:00\" \/>\n<meta name=\"twitter:card\" content=\"summary_large_image\" \/>\n<meta name=\"twitter:site\" content=\"@bescofield\" \/>\n<meta name=\"twitter:label1\" content=\"Gesch\u00e4tzte Lesezeit\" \/>\n\t<meta name=\"twitter:data1\" content=\"6 Minuten\" \/>\n<script type=\"application\/ld+json\" class=\"yoast-schema-graph\">{\"@context\":\"https:\/\/schema.org\",\"@graph\":[{\"@type\":\"WebPage\",\"@id\":\"https:\/\/www.bescofield.net\/sections\/9-the-damage-from-scofields-blog-post\/\",\"url\":\"https:\/\/www.bescofield.net\/sections\/9-the-damage-from-scofields-blog-post\/\",\"name\":\"9. The Damage from Scofield\u2019s Blog Post - Be Scofield's attack on Aaravindha Himadra\",\"isPartOf\":{\"@id\":\"https:\/\/www.bescofield.net\/#website\"},\"datePublished\":\"2020-05-18T22:27:58+00:00\",\"dateModified\":\"2020-06-07T19:52:26+00:00\",\"description\":\"As ludicrous as her accusations were, Be Scofield\u2019s article insinuating that Aaravindha Himadra was somehow involved in Carla Shaffer\u2019s wounding and death succeeded in damaging his reputation.\",\"breadcrumb\":{\"@id\":\"https:\/\/www.bescofield.net\/sections\/9-the-damage-from-scofields-blog-post\/#breadcrumb\"},\"inLanguage\":\"de-DE\",\"potentialAction\":[{\"@type\":\"ReadAction\",\"target\":[\"https:\/\/www.bescofield.net\/sections\/9-the-damage-from-scofields-blog-post\/\"]}]},{\"@type\":\"BreadcrumbList\",\"@id\":\"https:\/\/www.bescofield.net\/sections\/9-the-damage-from-scofields-blog-post\/#breadcrumb\",\"itemListElement\":[{\"@type\":\"ListItem\",\"position\":1,\"name\":\"Home\",\"item\":\"https:\/\/www.bescofield.net\/\"},{\"@type\":\"ListItem\",\"position\":2,\"name\":\"THE MALICIOUS MANIA OF BE SCOFIELD:\",\"item\":\"https:\/\/www.bescofield.net\/sections\/\"},{\"@type\":\"ListItem\",\"position\":3,\"name\":\"9. The Damage from Scofield\u2019s Blog Post\"}]},{\"@type\":\"WebSite\",\"@id\":\"https:\/\/www.bescofield.net\/#website\",\"url\":\"https:\/\/www.bescofield.net\/\",\"name\":\"Be Scofield\",\"description\":\"How a cyber stalker maligned spiritual teacher Aaravindha Himadra\",\"publisher\":{\"@id\":\"https:\/\/www.bescofield.net\/#\/schema\/person\/2259de72e0bb7a77e9cbebd1426bb098\"},\"potentialAction\":[{\"@type\":\"SearchAction\",\"target\":{\"@type\":\"EntryPoint\",\"urlTemplate\":\"https:\/\/www.bescofield.net\/?s={search_term_string}\"},\"query-input\":{\"@type\":\"PropertyValueSpecification\",\"valueRequired\":true,\"valueName\":\"search_term_string\"}}],\"inLanguage\":\"de-DE\"},{\"@type\":[\"Person\",\"Organization\"],\"@id\":\"https:\/\/www.bescofield.net\/#\/schema\/person\/2259de72e0bb7a77e9cbebd1426bb098\",\"name\":\"admin\",\"image\":{\"@type\":\"ImageObject\",\"inLanguage\":\"de-DE\",\"@id\":\"https:\/\/www.bescofield.net\/#\/schema\/person\/image\/\",\"url\":\"https:\/\/www.bescofield.net\/wp-content\/uploads\/2020\/05\/robert.jpg\",\"contentUrl\":\"https:\/\/www.bescofield.net\/wp-content\/uploads\/2020\/05\/robert.jpg\",\"width\":1366,\"height\":916,\"caption\":\"admin\"},\"logo\":{\"@id\":\"https:\/\/www.bescofield.net\/#\/schema\/person\/image\/\"},\"description\":\"Our investigation revealed that Be Scofield engages in deceptive practices by using a wide variety of names and email addresses, and by posting her articles on multiple self-owned websites.\",\"sameAs\":[\"https:\/\/www.facebook.com\/bescofieldwriter\/\",\"https:\/\/www.instagram.com\/bescofield123\",\"https:\/\/www.linkedin.com\/in\/bescofield\",\"https:\/\/x.com\/bescofield\"]}]}<\/script>\n<!-- \/ Yoast SEO plugin. -->","yoast_head_json":{"title":"9. The Damage from Scofield\u2019s Blog Post - Be Scofield's attack on Aaravindha Himadra","description":"So l\u00e4cherlich ihre Anschuldigungen auch waren, Be Scofields Artikel, in dem angedeutet wurde, dass Aaravindha Himadra irgendwie in Carla Shaffers Verwundung und Tod verwickelt war, schadete seinem Ruf.","robots":{"index":"index","follow":"follow","max-snippet":"max-snippet:-1","max-image-preview":"max-image-preview:large","max-video-preview":"max-video-preview:-1"},"canonical":"https:\/\/www.bescofield.net\/de\/sections\/9-the-damage-from-scofields-blog-post\/","og_locale":"de_DE","og_type":"article","og_title":"9. The Damage from Scofield\u2019s Blog Post - Be Scofield's attack on Aaravindha Himadra","og_description":"As ludicrous as her accusations were, Be Scofield\u2019s article insinuating that Aaravindha Himadra was somehow involved in Carla Shaffer\u2019s wounding and death succeeded in damaging his reputation.","og_url":"https:\/\/www.bescofield.net\/de\/sections\/9-the-damage-from-scofields-blog-post\/","og_site_name":"Be Scofield's attack on Aaravindha Himadra","article_publisher":"https:\/\/www.facebook.com\/bescofieldwriter\/","article_modified_time":"2020-06-07T19:52:26+00:00","twitter_card":"summary_large_image","twitter_site":"@bescofield","twitter_misc":{"Gesch\u00e4tzte Lesezeit":"6 Minuten"},"schema":{"@context":"https:\/\/schema.org","@graph":[{"@type":"WebPage","@id":"https:\/\/www.bescofield.net\/sections\/9-the-damage-from-scofields-blog-post\/","url":"https:\/\/www.bescofield.net\/sections\/9-the-damage-from-scofields-blog-post\/","name":"9. The Damage from Scofield\u2019s Blog Post - Be Scofield's attack on Aaravindha Himadra","isPartOf":{"@id":"https:\/\/www.bescofield.net\/#website"},"datePublished":"2020-05-18T22:27:58+00:00","dateModified":"2020-06-07T19:52:26+00:00","description":"So l\u00e4cherlich ihre Anschuldigungen auch waren, Be Scofields Artikel, in dem angedeutet wurde, dass Aaravindha Himadra irgendwie in Carla Shaffers Verwundung und Tod verwickelt war, schadete seinem Ruf.","breadcrumb":{"@id":"https:\/\/www.bescofield.net\/sections\/9-the-damage-from-scofields-blog-post\/#breadcrumb"},"inLanguage":"de-DE","potentialAction":[{"@type":"ReadAction","target":["https:\/\/www.bescofield.net\/sections\/9-the-damage-from-scofields-blog-post\/"]}]},{"@type":"BreadcrumbList","@id":"https:\/\/www.bescofield.net\/sections\/9-the-damage-from-scofields-blog-post\/#breadcrumb","itemListElement":[{"@type":"ListItem","position":1,"name":"Home","item":"https:\/\/www.bescofield.net\/"},{"@type":"ListItem","position":2,"name":"THE MALICIOUS MANIA OF BE SCOFIELD:","item":"https:\/\/www.bescofield.net\/sections\/"},{"@type":"ListItem","position":3,"name":"9. The Damage from Scofield\u2019s Blog Post"}]},{"@type":"WebSite","@id":"https:\/\/www.bescofield.net\/#website","url":"https:\/\/www.bescofield.net\/","name":"Be Scofield","description":"How a cyber stalker maligned spiritual teacher Aaravindha Himadra","publisher":{"@id":"https:\/\/www.bescofield.net\/#\/schema\/person\/2259de72e0bb7a77e9cbebd1426bb098"},"potentialAction":[{"@type":"SearchAction","target":{"@type":"EntryPoint","urlTemplate":"https:\/\/www.bescofield.net\/?s={search_term_string}"},"query-input":{"@type":"PropertyValueSpecification","valueRequired":true,"valueName":"search_term_string"}}],"inLanguage":"de-DE"},{"@type":["Person","Organization"],"@id":"https:\/\/www.bescofield.net\/#\/schema\/person\/2259de72e0bb7a77e9cbebd1426bb098","name":"admin","image":{"@type":"ImageObject","inLanguage":"de-DE","@id":"https:\/\/www.bescofield.net\/#\/schema\/person\/image\/","url":"https:\/\/www.bescofield.net\/wp-content\/uploads\/2020\/05\/robert.jpg","contentUrl":"https:\/\/www.bescofield.net\/wp-content\/uploads\/2020\/05\/robert.jpg","width":1366,"height":916,"caption":"admin"},"logo":{"@id":"https:\/\/www.bescofield.net\/#\/schema\/person\/image\/"},"description":"Our investigation revealed that Be Scofield engages in deceptive practices by using a wide variety of names and email addresses, and by posting her articles on multiple self-owned websites.","sameAs":["https:\/\/www.facebook.com\/bescofieldwriter\/","https:\/\/www.instagram.com\/bescofield123","https:\/\/www.linkedin.com\/in\/bescofield","https:\/\/x.com\/bescofield"]}]}},"jetpack_sharing_enabled":true,"_links":{"self":[{"href":"https:\/\/www.bescofield.net\/de\/wp-json\/wp\/v2\/pages\/183","targetHints":{"allow":["GET"]}}],"collection":[{"href":"https:\/\/www.bescofield.net\/de\/wp-json\/wp\/v2\/pages"}],"about":[{"href":"https:\/\/www.bescofield.net\/de\/wp-json\/wp\/v2\/types\/page"}],"author":[{"embeddable":true,"href":"https:\/\/www.bescofield.net\/de\/wp-json\/wp\/v2\/users\/1"}],"replies":[{"embeddable":true,"href":"https:\/\/www.bescofield.net\/de\/wp-json\/wp\/v2\/comments?post=183"}],"version-history":[{"count":3,"href":"https:\/\/www.bescofield.net\/de\/wp-json\/wp\/v2\/pages\/183\/revisions"}],"predecessor-version":[{"id":552,"href":"https:\/\/www.bescofield.net\/de\/wp-json\/wp\/v2\/pages\/183\/revisions\/552"}],"up":[{"embeddable":true,"href":"https:\/\/www.bescofield.net\/de\/wp-json\/wp\/v2\/pages\/53"}],"wp:attachment":[{"href":"https:\/\/www.bescofield.net\/de\/wp-json\/wp\/v2\/media?parent=183"}],"curies":[{"name":"wp","href":"https:\/\/api.w.org\/{rel}","templated":true}]}}