{"id":192,"date":"2020-05-18T16:07:52","date_gmt":"2020-05-18T23:07:52","guid":{"rendered":"http:\/\/www.bescofield.net\/?page_id=192"},"modified":"2020-05-18T18:29:56","modified_gmt":"2020-05-19T01:29:56","slug":"11-what-motivates-be-scofield","status":"publish","type":"page","link":"https:\/\/www.bescofield.net\/de\/kapitel\/11-what-motivates-be-scofield\/","title":{"rendered":"11. Was motiviert Be Scofield?"},"content":{"rendered":"<p style=\"text-align: center;\"><a href=\"http:\/\/www.bescofield.net\/sections\/10-be-scofield-continues-to-defame-and-threaten-spiritual-teachers\/\">zur\u00fcck zu Abschnitt 10...<\/a><\/p>\n<h2><\/h2>\n<h2 style=\"text-align: center;\">Was motiviert Scofield?<\/h2>\n<p>Eine Durchsicht von Scofields gurumag.com und bescofield.com Websites und Blog-Posts zeigt, dass sie entschlossen ist, sich selbst als Autorit\u00e4t \u00fcber spirituelle F\u00fchrer und insbesondere Sekten bekannt zu machen. Sie schreibt nie einen positiven Beitrag \u00fcber jemanden, au\u00dfer \u00fcber sich selbst. Wie und warum Scofield zu einer so kritischen, negativen Kraft wurde, wird vielleicht nie bekannt werden, aber es scheint seltsam, dass ein \"queer\/transgender\" Mensch, der ein so seltsames, nomadisches, kultphobisches Leben f\u00fchrt, so leicht von nicht-traditionellen spirituellen Gruppen erz\u00fcrnt wird und es als ihre Mission ansieht, sie zu Fall zu bringen.<\/p>\n<p>In ihren Artikeln zitiert sie oft das Lob spiritueller Lehrer von ihren Anh\u00e4ngern als Beweis f\u00fcr Gedankenkontrolle. Ist es Neid, weil <em>sie<\/em> \"der Guru\" sein will? Oder ist es einfach so, dass Be Scofield glaubt, dass sie in der Lage ist, viel besser zu erkennen, was in den K\u00f6pfen der anderen passiert, als sie es k\u00f6nnen?<\/p>\n<p>Be Scofield behauptet oft, ihre Rechte nach dem Ersten Verfassungszusatz der US Konstitution zu verteidigen, w\u00e4hrend sie die Rechte aller anderen ablehnt. Hier sind die 45 Worte, aus denen sich das First Amendment zur US-Verfassung zusammensetzt:<\/p>\n<p style=\"padding-left: 40px;\"><em>Der Kongre\u00df erl\u00e4\u00dft kein Gesetz, das die Einf\u00fchrung einer Religion oder deren freie Aus\u00fcbung verbietet oder die Rede- oder Pressefreiheit oder das Recht des Volkes, sich friedlich zu versammeln und bei der Regierung eine Petition zur Behebung von Mi\u00dfst\u00e4nden einzureichen, einschr\u00e4nkt.<\/em><\/p>\n<p>Scofield hat keinen Respekt oder Toleranz f\u00fcr die spirituellen \u00dcberzeugungen anderer. Wenn sie nicht damit einverstanden ist, was andere sagen oder tun, greift sie an. Wenn es irgendeine Art von Gruppe gibt, die sich versammelt, um einem spirituellen Lehrer zuzuh\u00f6ren, erkl\u00e4rt sie diese Gruppe automatisch zu einer Sekte und den Lehrer f\u00fcr missbr\u00e4uchlich. Das ist beunruhigend, denn Scofield selbst hat in der Vergangenheit eine ausf\u00fchrliche Beschreibung ihres eigenen magischen \"Kundalini-Erwachens\" auf ihrer Facebook-Seite gepostet. Offenbar ist es g\u00fcltig, wenn Be Scofield an eine spirituelle Praxis glaubt. Wenn sie es nicht tut, handelt es sich um eine Sekte.<\/p>\n<p>Jennie Joplin, Carlas Freundin, die sie nach Carlas selbst zugef\u00fcgten Stichverletzungen ins Krankenhaus begleitete, erz\u00e4hlte unserem Ermittler, dass sie (Joplin) stundenlang mit Be Scofield gesprochen hatte. W\u00e4hrend dieses Gespr\u00e4chs sagte Joplin, dass sie Scofield unmissverst\u00e4ndlich sagte: \"Aaravindha hatte nichts mit Carlas Stichverletzungen oder ihrem sp\u00e4teren Tod zu tun\". Joplin berichtete uns jedoch, dass Scofield immer noch eine Sekte finden wolle, \"selbst wenn sie eine erfinden m\u00fcsse\".<\/p>\n<p>Wir glauben nicht alle an die gleichen Dinge wie unsere Nachbarn. Selbst traditionelle Religionen haben gro\u00dfe Meinungsverschiedenheiten dar\u00fcber, was sie glauben und lehren. Aber selbst wenn wir denken, dass einige \u00dcberzeugungen bizarr oder unlogisch sind, gibt uns das nicht das Recht, diese Anh\u00e4nger schwerer Verbrechen zu beschuldigen. Be Scofield glaubt anscheinend, dass sie ein g\u00f6ttliches Recht hat, \u00fcber andere zu urteilen, selbst wenn es keine Beweise gibt, die ihre Anschuldigungen untermauern.<\/p>\n<p>Scofield hat dies auf ihrer Facebook-Seite gepostet:<\/p>\n<p><img loading=\"lazy\" decoding=\"async\" class=\"aligncenter wp-image-193 size-full\" src=\"http:\/\/www.bescofield.net\/wp-content\/uploads\/2020\/05\/Be-Scofield-fb-post-traumatized.jpg\" alt=\"\" width=\"989\" height=\"545\" srcset=\"https:\/\/www.bescofield.net\/wp-content\/uploads\/2020\/05\/Be-Scofield-fb-post-traumatized.jpg 989w, https:\/\/www.bescofield.net\/wp-content\/uploads\/2020\/05\/Be-Scofield-fb-post-traumatized-300x165.jpg 300w, https:\/\/www.bescofield.net\/wp-content\/uploads\/2020\/05\/Be-Scofield-fb-post-traumatized-768x423.jpg 768w, https:\/\/www.bescofield.net\/wp-content\/uploads\/2020\/05\/Be-Scofield-fb-post-traumatized-500x276.jpg 500w\" sizes=\"auto, (max-width: 989px) 100vw, 989px\" \/><\/p>\n<p>Beachten Sie, dass sich alles um Be Scofield dreht. <em>Immer<\/em>. Aber ob Scofield \"ein Trauma hat\" oder nicht (<em>viel mehr als eine <strong>Durchschnittsperson<\/strong> (nat\u00fcrlich)<\/em>ist irrelevant. Sie bezeichnet sich h\u00e4ufig als \"verwundete Heilerin\" und muss sich selbst immer als tapfer und gro\u00dfz\u00fcgig darstellen. Ein altes Trauma mag viel dazu beitragen, zu erkl\u00e4ren, warum Scofield tut, was sie tut, aber es ist keine Entschuldigung daf\u00fcr, andere anzugreifen, um sich selbst wichtig erscheinen zu lassen.<\/p>\n<p>In diesem Facebook-Posting sagte Be Scofield weiter, dass sie \"<em>offen sei f\u00fcr R\u00fcckmeldungen, lebhafte Debatten und Meinungsverschiedenheiten \u00fcber ihre Ideen und sogar ihr Verhalten<\/em>.\u201d Nichts k\u00f6nnte weiter von der Wahrheit entfernt sein. Fragen Sie einfach jeden, der tats\u00e4chlich Kontakt mit ihr hatte. Die Leute, die wir auf Orcas Island befragten, sagten unserer Ermittlerin, dass Scofield sich weigerte, sich alles anzuh\u00f6ren, was sie zu sagen hatten, und dass sie v\u00f6llig selbst besessen und entschlossen sei, eine \"rei\u00dferische\" Geschichte zu schreiben, ohne dass Beweise ben\u00f6tigt w\u00fcrden.<\/p>\n<p>Scofield hat absolut Recht, dass ihre Geschichte uns nicht hilft zu verstehen, ob ihre Argumente stichhaltig sind oder ihre Berichterstattung korrekt ist. Offen gesagt, es ist uns egal, was sie in der Vergangenheit erlebt haben mag. Was wir als professionelle Ermittler beanstanden, ist der Mangel an Logik in der Art und Weise, wie Scofield nicht zusammenh\u00e4ngende Elemente kombiniert, um Fehlverhalten zu <em>unterstellen<\/em> . Dabei mangelt es ihr an investigativer Berichterstattung und sie weist Informationen zur\u00fcck, die von anderen best\u00e4tigt wurden. Scofield nennt nur selten Quellen und streicht alle Daten, auf die sie st\u00f6\u00dft und die nicht zu der Erz\u00e4hlung passen, die sie erz\u00e4hlen will.<\/p>\n<p>Be Scofield ist weder ein Journalist noch ein Reporter. Be Scofield ist bestenfalls eine Essayistin, die der Welt ihre Meinung sagt. Im schlimmsten Fall ist sie eine b\u00f6sartige Kolumnistin, die \u00fcble Nachrede produziert und eine Cyberstalkerin.<\/p>\n<p>Be Scofields Artikel zeigen alle Anzeichen einer narzisstischen Pers\u00f6nlichkeitsst\u00f6rung. Hier ist eine allgemeine Beschreibung des Zustands von der Mayo-Klinik, dem am h\u00f6chsten angesehenen medizinischen Zentrum in den Vereinigten Staaten:<\/p>\n<p style=\"padding-left: 40px;\"><em>Die narzisstische Pers\u00f6nlichkeitsst\u00f6rung - eine von mehreren Arten von Pers\u00f6nlichkeitsst\u00f6rungen - ist ein psychischer Zustand, in dem Menschen ein \u00fcberh\u00f6htes Gef\u00fchl f\u00fcr ihre eigene Bedeutung, ein tiefes Bed\u00fcrfnis nach \u00fcberm\u00e4\u00dfiger Aufmerksamkeit und Bewunderung, gest\u00f6rte Beziehungen und einen Mangel an Einf\u00fchlungsverm\u00f6gen f\u00fcr andere haben. Aber hinter dieser Maske des extremen Selbstvertrauens verbirgt sich ein zerbrechliches Selbstwertgef\u00fchl, das f\u00fcr die geringste Kritik anf\u00e4llig ist.<\/em><\/p>\n<p>Und hier ist eine Liste von Symptomen von der gleichen Stelle:<\/p>\n<p style=\"padding-left: 40px;\"><em>Die Anzeichen und Symptome einer narzisstischen Pers\u00f6nlichkeitsst\u00f6rung und der Schweregrad der Symptome variieren. Menschen mit der St\u00f6rung k\u00f6nnen:<\/em><\/p>\n<ul>\n<li style=\"list-style-type: none;\">\n<ul>\n<li><em>einen \u00fcbertriebenen Sinn f\u00fcr Selbstgef\u00e4lligkeit haben<\/em><\/li>\n<li><em>ein Gef\u00fchl der Anspruchsberechtigung haben und st\u00e4ndige, \u00fcbertriebene Bewunderung verlangen<\/em><\/li>\n<li><em>Erwarten, als \u00fcberlegen anerkannt zu werden, auch ohne Leistungen, die dies rechtfertigen<\/em><\/li>\n<li><em>Leistungen und Talente \u00fcberbewerten<\/em><\/li>\n<li><em>Besch\u00e4ftigen sich mit Phantasien \u00fcber Erfolg, Macht, Brillanz, Sch\u00f6nheit oder den perfekten Partner<\/em><\/li>\n<li><em>glauben, dass sie \u00fcberlegen sind und nur mit ebenso besonderen Menschen verkehren k\u00f6nnen<\/em><\/li>\n<li><em>Gespr\u00e4che monopolisieren und Menschen, die sie als minderwertig empfinden, herabsetzen oder auf sie herabsehen<\/em><\/li>\n<li><em>Erwarten besondere Gef\u00e4lligkeiten und die bedingungslose Erf\u00fcllung ihrer Erwartungen<\/em><\/li>\n<li><em>Andere ausnutzen, um zu bekommen, was sie wollen<\/em><\/li>\n<li><em>Unf\u00e4higkeit oder Unwilligkeit haben, die Bed\u00fcrfnisse und Gef\u00fchle anderer anzuerkennen<\/em><\/li>\n<li><em>Auf andere neidisch sein und glauben, dass andere sie beneiden<\/em><\/li>\n<li><em>sich arrogant oder hochm\u00fctig verhalten, wirken eingebildet, prahlerisch und anma\u00dfend<\/em><\/li>\n<\/ul>\n<\/li>\n<\/ul>\n<p>Weiter hei\u00dft es auf der Website, dass Menschen mit narzisstischer Pers\u00f6nlichkeitsst\u00f6rung Schwierigkeiten haben, mit allem, was sie als Kritik empfinden, umzugehen:<\/p>\n<ul>\n<li style=\"list-style-type: none;\">\n<ul>\n<li><em>Sie werden ungeduldig oder w\u00fctend, wenn sie keine Sonderbehandlung erhalten<\/em><\/li>\n<li><em>Sie reagieren mit Wut oder Verachtung und versuchen, die andere Person herabzusetzen, um sich selbst \u00fcberlegen erscheinen zu lassen<\/em><\/li>\n<\/ul>\n<\/li>\n<\/ul>\n<p>Be Scofield \u00fcbertreibt st\u00e4ndig ihren eigenen Ruf und ihre eigenen F\u00e4higkeiten, ist nicht bereit, auf andere zu h\u00f6ren und nutzt mehrere Websites (insbesondere gurumag.com und bescofield.com) und erfundene Pers\u00f6nlichkeiten, um ber\u00fchmt und wichtig auszusehen. F\u00fcgt man ihre Behauptungen hinzu, \u00fcber dem Gesetz zu stehen, und ihre Drohungen gegen\u00fcber jedem, der sich ihr entgegenstellt, dann ist es leicht zu sehen, dass Scofield gut zu der St\u00f6rung passt.<\/p>\n<p>Es sollte jede vern\u00fcnftige Person beunruhigen, dass Be Scofield bereit war, anzudeuten, dass Aaravindha Himadra des Mordes schuldig sein k\u00f6nnte, wenn <em>die ermittelnden Beh\u00f6rden zu dem Schluss gekommen waren, dass kein Verbrechen begangen wurde<\/em>.<\/p>\n<p>Wenn Be Scofield behauptet, eine Autorit\u00e4t als Ermittlerin zu sein, aber weiterhin b\u00f6swilligen Klatsch, irrationale Verschw\u00f6rungstheorien und falsche Anschuldigungen im Internet ver\u00f6ffentlicht, bewirbt und verewigt, dann sollte uns das alle emp\u00f6ren.<\/p>\n<p>Wir haben versucht, das Motiv hinter Scofields Verhalten zu untersuchen, haben aber nicht herausgefunden, warum sie versucht, das Leben der Menschen zu zerst\u00f6ren und ihnen Schmerzen zuzuf\u00fcgen. Menschen, die ihr begegnet sind, haben gez\u00f6gert, mit uns zu sprechen, oder es ganz und gar abgelehnt, weil sie ihre rachs\u00fcchtigen Cyber-Mobbing-Angriffe f\u00fcrchteten. Scofield scheint verzweifelt als heroische Retterin gesehen werden zu wollen, die ihren eigenen Hass-Kult aufbauen m\u00f6chte, um spirituelle Gruppen anzugreifen.<\/p>\n<p>Wie kommt sie weiterhin damit durch? Liegt es daran, dass wir in einer \u00c4ra der \"Fake News\" leben, in der manche Menschen einfach jede beliebige Geschichte pr\u00e4sentieren, und andere darauf erpicht sind, jede Anschuldigung f\u00fcr die Wahrheit zu halten?<\/p>\n<p>Wer ist Be Scofields n\u00e4chstes Ziel?<\/p>\n<p>&nbsp;<\/p>\n<p style=\"text-align: center;\"><a href=\"http:\/\/www.bescofield.net\/sections\/reactions-to-be-scofields-malicious-article\/\">Lesen Sie Abschnitt 12 weiter...<\/a><\/p>","protected":false},"excerpt":{"rendered":"<p>return to section 10&#8230; What Motivates Be Scofield? A perusal of Scofield\u2019s gurumag.com and bescofield.com websites and blog posts demonstrates that she is determined to promote herself as the authority on spiritual leaders and especially cults. She never writes a &hellip; <a href=\"https:\/\/www.bescofield.net\/de\/kapitel\/11-what-motivates-be-scofield\/\">Weiterlesen <span class=\"meta-nav\">&rarr;<\/span><\/a><\/p>","protected":false},"author":1,"featured_media":0,"parent":53,"menu_order":11,"comment_status":"closed","ping_status":"closed","template":"","meta":{"footnotes":""},"class_list":["post-192","page","type-page","status-publish","hentry"],"yoast_head":"<!-- This site is optimized with the Yoast SEO plugin v26.8 - https:\/\/yoast.com\/product\/yoast-seo-wordpress\/ -->\n<title>11. What Motivates Be Scofield? - Be Scofield&#039;s attack on Aaravindha Himadra<\/title>\n<meta name=\"description\" content=\"A perusal of Scofield\u2019s gurumag.com and bescofield.com websites and blog posts demonstrates that she is determined to promote herself as the authority on spiritual leaders and especially cults. She never writes a positive post about anyone except herself.\" \/>\n<meta name=\"robots\" content=\"index, follow, max-snippet:-1, max-image-preview:large, max-video-preview:-1\" \/>\n<link rel=\"canonical\" href=\"https:\/\/www.bescofield.net\/de\/sections\/11-what-motivates-be-scofield\/\" \/>\n<meta property=\"og:locale\" content=\"de_DE\" \/>\n<meta property=\"og:type\" content=\"article\" \/>\n<meta property=\"og:title\" content=\"11. What Motivates Be Scofield? - Be Scofield&#039;s attack on Aaravindha Himadra\" \/>\n<meta property=\"og:description\" content=\"A perusal of Scofield\u2019s gurumag.com and bescofield.com websites and blog posts demonstrates that she is determined to promote herself as the authority on spiritual leaders and especially cults. She never writes a positive post about anyone except herself.\" \/>\n<meta property=\"og:url\" content=\"https:\/\/www.bescofield.net\/de\/sections\/11-what-motivates-be-scofield\/\" \/>\n<meta property=\"og:site_name\" content=\"Be Scofield&#039;s attack on Aaravindha Himadra\" \/>\n<meta property=\"article:publisher\" content=\"https:\/\/www.facebook.com\/bescofieldwriter\/\" \/>\n<meta property=\"article:modified_time\" content=\"2020-05-19T01:29:56+00:00\" \/>\n<meta property=\"og:image\" content=\"http:\/\/www.bescofield.net\/wp-content\/uploads\/2020\/05\/Be-Scofield-fb-post-traumatized.jpg\" \/>\n<meta name=\"twitter:card\" content=\"summary_large_image\" \/>\n<meta name=\"twitter:site\" content=\"@bescofield\" \/>\n<meta name=\"twitter:label1\" content=\"Gesch\u00e4tzte Lesezeit\" \/>\n\t<meta name=\"twitter:data1\" content=\"6 Minuten\" \/>\n<script type=\"application\/ld+json\" class=\"yoast-schema-graph\">{\"@context\":\"https:\/\/schema.org\",\"@graph\":[{\"@type\":\"WebPage\",\"@id\":\"https:\/\/www.bescofield.net\/sections\/11-what-motivates-be-scofield\/\",\"url\":\"https:\/\/www.bescofield.net\/sections\/11-what-motivates-be-scofield\/\",\"name\":\"11. What Motivates Be Scofield? - Be Scofield's attack on Aaravindha Himadra\",\"isPartOf\":{\"@id\":\"https:\/\/www.bescofield.net\/#website\"},\"primaryImageOfPage\":{\"@id\":\"https:\/\/www.bescofield.net\/sections\/11-what-motivates-be-scofield\/#primaryimage\"},\"image\":{\"@id\":\"https:\/\/www.bescofield.net\/sections\/11-what-motivates-be-scofield\/#primaryimage\"},\"thumbnailUrl\":\"http:\/\/www.bescofield.net\/wp-content\/uploads\/2020\/05\/Be-Scofield-fb-post-traumatized.jpg\",\"datePublished\":\"2020-05-18T23:07:52+00:00\",\"dateModified\":\"2020-05-19T01:29:56+00:00\",\"description\":\"A perusal of Scofield\u2019s gurumag.com and bescofield.com websites and blog posts demonstrates that she is determined to promote herself as the authority on spiritual leaders and especially cults. She never writes a positive post about anyone except herself.\",\"breadcrumb\":{\"@id\":\"https:\/\/www.bescofield.net\/sections\/11-what-motivates-be-scofield\/#breadcrumb\"},\"inLanguage\":\"de-DE\",\"potentialAction\":[{\"@type\":\"ReadAction\",\"target\":[\"https:\/\/www.bescofield.net\/sections\/11-what-motivates-be-scofield\/\"]}]},{\"@type\":\"ImageObject\",\"inLanguage\":\"de-DE\",\"@id\":\"https:\/\/www.bescofield.net\/sections\/11-what-motivates-be-scofield\/#primaryimage\",\"url\":\"http:\/\/www.bescofield.net\/wp-content\/uploads\/2020\/05\/Be-Scofield-fb-post-traumatized.jpg\",\"contentUrl\":\"http:\/\/www.bescofield.net\/wp-content\/uploads\/2020\/05\/Be-Scofield-fb-post-traumatized.jpg\"},{\"@type\":\"BreadcrumbList\",\"@id\":\"https:\/\/www.bescofield.net\/sections\/11-what-motivates-be-scofield\/#breadcrumb\",\"itemListElement\":[{\"@type\":\"ListItem\",\"position\":1,\"name\":\"Home\",\"item\":\"https:\/\/www.bescofield.net\/\"},{\"@type\":\"ListItem\",\"position\":2,\"name\":\"THE MALICIOUS MANIA OF BE SCOFIELD:\",\"item\":\"https:\/\/www.bescofield.net\/sections\/\"},{\"@type\":\"ListItem\",\"position\":3,\"name\":\"11. What Motivates Be Scofield?\"}]},{\"@type\":\"WebSite\",\"@id\":\"https:\/\/www.bescofield.net\/#website\",\"url\":\"https:\/\/www.bescofield.net\/\",\"name\":\"Be Scofield\",\"description\":\"How a cyber stalker maligned spiritual teacher Aaravindha Himadra\",\"publisher\":{\"@id\":\"https:\/\/www.bescofield.net\/#\/schema\/person\/2259de72e0bb7a77e9cbebd1426bb098\"},\"potentialAction\":[{\"@type\":\"SearchAction\",\"target\":{\"@type\":\"EntryPoint\",\"urlTemplate\":\"https:\/\/www.bescofield.net\/?s={search_term_string}\"},\"query-input\":{\"@type\":\"PropertyValueSpecification\",\"valueRequired\":true,\"valueName\":\"search_term_string\"}}],\"inLanguage\":\"de-DE\"},{\"@type\":[\"Person\",\"Organization\"],\"@id\":\"https:\/\/www.bescofield.net\/#\/schema\/person\/2259de72e0bb7a77e9cbebd1426bb098\",\"name\":\"admin\",\"image\":{\"@type\":\"ImageObject\",\"inLanguage\":\"de-DE\",\"@id\":\"https:\/\/www.bescofield.net\/#\/schema\/person\/image\/\",\"url\":\"https:\/\/www.bescofield.net\/wp-content\/uploads\/2020\/05\/robert.jpg\",\"contentUrl\":\"https:\/\/www.bescofield.net\/wp-content\/uploads\/2020\/05\/robert.jpg\",\"width\":1366,\"height\":916,\"caption\":\"admin\"},\"logo\":{\"@id\":\"https:\/\/www.bescofield.net\/#\/schema\/person\/image\/\"},\"description\":\"Our investigation revealed that Be Scofield engages in deceptive practices by using a wide variety of names and email addresses, and by posting her articles on multiple self-owned websites.\",\"sameAs\":[\"https:\/\/www.facebook.com\/bescofieldwriter\/\",\"https:\/\/www.instagram.com\/bescofield123\",\"https:\/\/www.linkedin.com\/in\/bescofield\",\"https:\/\/x.com\/bescofield\"]}]}<\/script>\n<!-- \/ Yoast SEO plugin. -->","yoast_head_json":{"title":"11. What Motivates Be Scofield? - Be Scofield's attack on Aaravindha Himadra","description":"Eine Durchsicht von Scofields gurumag.com und bescofield.com Websites und Blog-Posts zeigt, dass sie entschlossen ist, sich selbst als Autorit\u00e4t gegen\u00fcber spirituellen F\u00fchrern und insbesondere Sekten bekannt zu machen. Sie schreibt nie einen positiven Beitrag \u00fcber jemanden, au\u00dfer \u00fcber sich selbst.","robots":{"index":"index","follow":"follow","max-snippet":"max-snippet:-1","max-image-preview":"max-image-preview:large","max-video-preview":"max-video-preview:-1"},"canonical":"https:\/\/www.bescofield.net\/de\/sections\/11-what-motivates-be-scofield\/","og_locale":"de_DE","og_type":"article","og_title":"11. What Motivates Be Scofield? - Be Scofield's attack on Aaravindha Himadra","og_description":"A perusal of Scofield\u2019s gurumag.com and bescofield.com websites and blog posts demonstrates that she is determined to promote herself as the authority on spiritual leaders and especially cults. She never writes a positive post about anyone except herself.","og_url":"https:\/\/www.bescofield.net\/de\/sections\/11-what-motivates-be-scofield\/","og_site_name":"Be Scofield's attack on Aaravindha Himadra","article_publisher":"https:\/\/www.facebook.com\/bescofieldwriter\/","article_modified_time":"2020-05-19T01:29:56+00:00","og_image":[{"url":"http:\/\/www.bescofield.net\/wp-content\/uploads\/2020\/05\/Be-Scofield-fb-post-traumatized.jpg","type":"","width":"","height":""}],"twitter_card":"summary_large_image","twitter_site":"@bescofield","twitter_misc":{"Gesch\u00e4tzte Lesezeit":"6 Minuten"},"schema":{"@context":"https:\/\/schema.org","@graph":[{"@type":"WebPage","@id":"https:\/\/www.bescofield.net\/sections\/11-what-motivates-be-scofield\/","url":"https:\/\/www.bescofield.net\/sections\/11-what-motivates-be-scofield\/","name":"11. What Motivates Be Scofield? - Be Scofield's attack on Aaravindha Himadra","isPartOf":{"@id":"https:\/\/www.bescofield.net\/#website"},"primaryImageOfPage":{"@id":"https:\/\/www.bescofield.net\/sections\/11-what-motivates-be-scofield\/#primaryimage"},"image":{"@id":"https:\/\/www.bescofield.net\/sections\/11-what-motivates-be-scofield\/#primaryimage"},"thumbnailUrl":"http:\/\/www.bescofield.net\/wp-content\/uploads\/2020\/05\/Be-Scofield-fb-post-traumatized.jpg","datePublished":"2020-05-18T23:07:52+00:00","dateModified":"2020-05-19T01:29:56+00:00","description":"Eine Durchsicht von Scofields gurumag.com und bescofield.com Websites und Blog-Posts zeigt, dass sie entschlossen ist, sich selbst als Autorit\u00e4t gegen\u00fcber spirituellen F\u00fchrern und insbesondere Sekten bekannt zu machen. Sie schreibt nie einen positiven Beitrag \u00fcber jemanden, au\u00dfer \u00fcber sich selbst.","breadcrumb":{"@id":"https:\/\/www.bescofield.net\/sections\/11-what-motivates-be-scofield\/#breadcrumb"},"inLanguage":"de-DE","potentialAction":[{"@type":"ReadAction","target":["https:\/\/www.bescofield.net\/sections\/11-what-motivates-be-scofield\/"]}]},{"@type":"ImageObject","inLanguage":"de-DE","@id":"https:\/\/www.bescofield.net\/sections\/11-what-motivates-be-scofield\/#primaryimage","url":"http:\/\/www.bescofield.net\/wp-content\/uploads\/2020\/05\/Be-Scofield-fb-post-traumatized.jpg","contentUrl":"http:\/\/www.bescofield.net\/wp-content\/uploads\/2020\/05\/Be-Scofield-fb-post-traumatized.jpg"},{"@type":"BreadcrumbList","@id":"https:\/\/www.bescofield.net\/sections\/11-what-motivates-be-scofield\/#breadcrumb","itemListElement":[{"@type":"ListItem","position":1,"name":"Home","item":"https:\/\/www.bescofield.net\/"},{"@type":"ListItem","position":2,"name":"THE MALICIOUS MANIA OF BE SCOFIELD:","item":"https:\/\/www.bescofield.net\/sections\/"},{"@type":"ListItem","position":3,"name":"11. What Motivates Be Scofield?"}]},{"@type":"WebSite","@id":"https:\/\/www.bescofield.net\/#website","url":"https:\/\/www.bescofield.net\/","name":"Be Scofield","description":"How a cyber stalker maligned spiritual teacher Aaravindha Himadra","publisher":{"@id":"https:\/\/www.bescofield.net\/#\/schema\/person\/2259de72e0bb7a77e9cbebd1426bb098"},"potentialAction":[{"@type":"SearchAction","target":{"@type":"EntryPoint","urlTemplate":"https:\/\/www.bescofield.net\/?s={search_term_string}"},"query-input":{"@type":"PropertyValueSpecification","valueRequired":true,"valueName":"search_term_string"}}],"inLanguage":"de-DE"},{"@type":["Person","Organization"],"@id":"https:\/\/www.bescofield.net\/#\/schema\/person\/2259de72e0bb7a77e9cbebd1426bb098","name":"admin","image":{"@type":"ImageObject","inLanguage":"de-DE","@id":"https:\/\/www.bescofield.net\/#\/schema\/person\/image\/","url":"https:\/\/www.bescofield.net\/wp-content\/uploads\/2020\/05\/robert.jpg","contentUrl":"https:\/\/www.bescofield.net\/wp-content\/uploads\/2020\/05\/robert.jpg","width":1366,"height":916,"caption":"admin"},"logo":{"@id":"https:\/\/www.bescofield.net\/#\/schema\/person\/image\/"},"description":"Our investigation revealed that Be Scofield engages in deceptive practices by using a wide variety of names and email addresses, and by posting her articles on multiple self-owned websites.","sameAs":["https:\/\/www.facebook.com\/bescofieldwriter\/","https:\/\/www.instagram.com\/bescofield123","https:\/\/www.linkedin.com\/in\/bescofield","https:\/\/x.com\/bescofield"]}]}},"jetpack_sharing_enabled":true,"_links":{"self":[{"href":"https:\/\/www.bescofield.net\/de\/wp-json\/wp\/v2\/pages\/192","targetHints":{"allow":["GET"]}}],"collection":[{"href":"https:\/\/www.bescofield.net\/de\/wp-json\/wp\/v2\/pages"}],"about":[{"href":"https:\/\/www.bescofield.net\/de\/wp-json\/wp\/v2\/types\/page"}],"author":[{"embeddable":true,"href":"https:\/\/www.bescofield.net\/de\/wp-json\/wp\/v2\/users\/1"}],"replies":[{"embeddable":true,"href":"https:\/\/www.bescofield.net\/de\/wp-json\/wp\/v2\/comments?post=192"}],"version-history":[{"count":0,"href":"https:\/\/www.bescofield.net\/de\/wp-json\/wp\/v2\/pages\/192\/revisions"}],"up":[{"embeddable":true,"href":"https:\/\/www.bescofield.net\/de\/wp-json\/wp\/v2\/pages\/53"}],"wp:attachment":[{"href":"https:\/\/www.bescofield.net\/de\/wp-json\/wp\/v2\/media?parent=192"}],"curies":[{"name":"wp","href":"https:\/\/api.w.org\/{rel}","templated":true}]}}